{"id":89,"date":"2012-10-01T11:36:35","date_gmt":"2012-10-01T09:36:35","guid":{"rendered":"http:\/\/alfasail.de\/wordpress\/?page_id=89"},"modified":"2018-01-19T11:57:30","modified_gmt":"2018-01-19T10:57:30","slug":"about","status":"publish","type":"page","link":"https:\/\/alfasail.de\/wordpress\/about","title":{"rendered":"About Us"},"content":{"rendered":"<h3>Wilkommen im Segelblog von Silke &amp; Peter.<\/h3>\n<p><a href=\"https:\/\/alfasail.de\/wordpress\/about\/20170329_102722\" rel=\"attachment wp-att-24721\"><img loading=\"lazy\" decoding=\"async\" class=\"alignnone size-medium wp-image-24721\" src=\"https:\/\/alfasail.de\/wordpress\/wp-content\/uploads\/2017\/11\/20170329_102722-300x225.jpg\" alt=\"\" width=\"300\" height=\"225\" srcset=\"https:\/\/alfasail.de\/wordpress\/wp-content\/uploads\/2017\/11\/20170329_102722-300x225.jpg 300w, https:\/\/alfasail.de\/wordpress\/wp-content\/uploads\/2017\/11\/20170329_102722-768x576.jpg 768w, https:\/\/alfasail.de\/wordpress\/wp-content\/uploads\/2017\/11\/20170329_102722-1024x768.jpg 1024w, https:\/\/alfasail.de\/wordpress\/wp-content\/uploads\/2017\/11\/20170329_102722-830x623.jpg 830w, https:\/\/alfasail.de\/wordpress\/wp-content\/uploads\/2017\/11\/20170329_102722-230x173.jpg 230w, https:\/\/alfasail.de\/wordpress\/wp-content\/uploads\/2017\/11\/20170329_102722-350x263.jpg 350w, https:\/\/alfasail.de\/wordpress\/wp-content\/uploads\/2017\/11\/20170329_102722-480x360.jpg 480w\" sizes=\"auto, (max-width: 300px) 100vw, 300px\" \/><\/a><\/p>\n<p>&nbsp;<\/p>\n<p>Segeln ist f\u00fcr uns Lebensfreude pur.<\/p>\n<h3>&nbsp;<\/h3>\n<h3>Warum eigentlich Segeln?<\/h3>\n<p>Was gef\u00e4llt uns eigentlich am Segeln? Warum Segeln, statt Golf oder Tennis zu spielen, statt Berge zu besteigen? Warum bucht ein gut verdienender seri\u00f6ser Angestellter f\u00fcr seinen Urlaub eine unbequeme kleine Koje auf einer nicht besonders luxuri\u00f6s ausgestatteten Yacht, anstatt die Luxussuite im einem Hotel? Warum sch\u00e4lt er Kartoffeln, putzt Pump-WCs, \u00e4rgert sich mit eigensinnigen Mitseglern herum, liegt verkr\u00fcmmt auf zu schmalen und zu kurzen Matratzen, l\u00e4sst sich in der Nacht vom Regen und Wind durchweichen oder schleppt sich seekrank zur n\u00e4chsten Wache und von einem Skipper herumkommandieren?<\/p>\n<p>Die Antwort ist einfach:<\/p>\n<p>Der Mensch braucht Ferien von seinem gewohnten Lebensstil, will er nicht tr\u00fcbsinnig oder verr\u00fcckt werden. Auf einem Segelboot ist man Mensch, da kann man es sein. Man braucht sich nicht regelm\u00e4\u00dfig zu rasieren oder zu waschen, man kann fluchen und sich wie ein Flegel benehmen, man kann den Schnaps aus der Flasche trinken und wenn keiner es sieht mit den Fingern essen und anschlie\u00dfend den Teller abschlecken. Man kann all das tun, was man uns durch Erziehung abgew\u00f6hnt hat. Und das ist unheimlich aufbauend. Das ist aber noch nicht alles. Es ist ausgesprochen spannend, einen Weg \u00fcber pfadloses Wasser zu finden, und am Ende in einen Hafen den man noch nie gesehen hat, mit einer nur aus Handb\u00fcchern und Beschreibungen stammenden Vertrautheit einzulaufen, als ob man dort zu Hause w\u00e4re. Es kann unheimlich Spass machen aus einer miesen Situation, etwas positives herauszuholen und sich daran zu erfreuen. Es ist unheimlich belebend und erfrischend, den Naturgewalten, Sturm und Wellen, Blitz und Donner gegen\u00fcberzustehen und sich nicht zu f\u00fcrchten, weil man wei\u00df dass der Skipper auf so einem Boot gelernt hat, wie man \u00fcberlebt.<\/p>\n<p>Wenn man mit dieser Zuversicht ausger\u00fcstet in den Berufsalltag zur\u00fcckkehrt, dann k\u00f6nnen einem gesch\u00e4ftliche St\u00fcrme und hoffnunglose Situationen und von allen Seiten heransch\u00e4umende Konkurrenten nicht mehr schrecken.<\/p>\n<p>&nbsp;<\/p>\n<p>&nbsp;<\/p>\n<p>&lt;Zitat: E. Wimme&gt;<\/p>\n<p><input name=\"skipper[at]segelurlaub.cc\" type=\"hidden\" value=\"foo\"><\/p>\n<p>&nbsp;<\/p>\n","protected":false},"excerpt":{"rendered":"<p>Wilkommen im Segelblog von Silke &amp; Peter. &nbsp; Segeln ist f\u00fcr uns Lebensfreude pur. &nbsp; Warum eigentlich Segeln? Was gef\u00e4llt uns eigentlich am Segeln? Warum Segeln, statt Golf oder Tennis zu spielen, statt Berge zu besteigen? Warum bucht ein gut verdienender seri\u00f6ser Angestellter f\u00fcr seinen Urlaub eine unbequeme kleine Koje auf einer nicht besonders luxuri\u00f6s ausgestatteten Yacht, anstatt die Luxussuite im einem Hotel? Warum sch\u00e4lt er Kartoffeln, putzt Pump-WCs, \u00e4rgert sich mit eigensinnigen Mitseglern herum, [&hellip;]<\/p>\n","protected":false},"author":42,"featured_media":0,"parent":0,"menu_order":80,"comment_status":"closed","ping_status":"closed","template":"","meta":{"ngg_post_thumbnail":0,"footnotes":""},"class_list":["post-89","page","type-page","status-publish","hentry"],"_links":{"self":[{"href":"https:\/\/alfasail.de\/wordpress\/wp-json\/wp\/v2\/pages\/89","targetHints":{"allow":["GET"]}}],"collection":[{"href":"https:\/\/alfasail.de\/wordpress\/wp-json\/wp\/v2\/pages"}],"about":[{"href":"https:\/\/alfasail.de\/wordpress\/wp-json\/wp\/v2\/types\/page"}],"author":[{"embeddable":true,"href":"https:\/\/alfasail.de\/wordpress\/wp-json\/wp\/v2\/users\/42"}],"replies":[{"embeddable":true,"href":"https:\/\/alfasail.de\/wordpress\/wp-json\/wp\/v2\/comments?post=89"}],"version-history":[{"count":0,"href":"https:\/\/alfasail.de\/wordpress\/wp-json\/wp\/v2\/pages\/89\/revisions"}],"wp:attachment":[{"href":"https:\/\/alfasail.de\/wordpress\/wp-json\/wp\/v2\/media?parent=89"}],"curies":[{"name":"wp","href":"https:\/\/api.w.org\/{rel}","templated":true}]}}